{"id":215,"date":"2017-12-17T08:23:49","date_gmt":"2017-12-17T08:23:49","guid":{"rendered":"http:\/\/loden-plankl.at\/wordpress\/?page_id=215"},"modified":"2024-02-24T09:22:14","modified_gmt":"2024-02-24T09:22:14","slug":"standort","status":"publish","type":"page","link":"https:\/\/www.loden-plankl.at\/en\/standort\/","title":{"rendered":"location"},"content":{"rendered":"<p>[vc_row el_id=\u201cMainMenuID\u201d el_class=\u201cMainMenu\u201d css=\u201d.vc_custom_1512128093069{margin-top: 0px !important;margin-right: 0px !important;margin-bottom: 0px !important;margin-left: 0px !important;padding-top: 0px !important;padding-right: 0px !important;padding-bottom: 0px !important;padding-left: 0px !important;}\u201d][vc_column][vc_empty_space height=\u201c15px\u201d][vc_raw_html]JTNDcCUzRSUzQ2ElMjBocmVmJTNEJTIyaHR0cCUzQSUyRiUyRnd3dy5sb2Rlbi1wbGFua2wuYXQlMjIlM0UlMEElM0NzcGFuJTIwY2xhc3MlM0QlMjJpbWd6ZW50cmllcnQlMjIlM0UlMEElM0NpbWclMjBzcmMlM0QlMjJodHRwJTNBJTJGJTJGd3d3LmxvZGVuLXBsYW5rbC5hdCUyRndwLWNvbnRlbnQlMkZ1cGxvYWRzJTJGTG9kZW5QbGFua2xfTG9nb0Jhc2VOZWdfNTAwLnN2ZyUyMiUyMHdpZHRoJTNEJTIyMzUwcHglMjIlMjBoZWlnaHQlM0QlMjI1OHB4JTIyJTIwYm9yZGVyJTNEJTIyMCUyMiUyMGFsdCUzRCUyMkxvZGVuUGxhbmtsJTIyJTNFJTBBJTNDJTJGc3BhbiUzRSUzQyUyRmElM0UlMEElM0MlMkZwJTNF[\/vc_raw_html][vc_empty_space height=\u201c10px\u201d][vc_wp_custommenu nav_menu=\u201c8\u201d][\/vc_column][\/vc_row]<\/p>\n[\/vc_column_text][\/vc_column][\/vc_row][vc_row el_id=\u201cadressblock\u201d el_class=\u201cadressblock\u201d css=\u201d.vc_custom_1512127284478{margin-top: 0px !important;margin-right: 0px !important;margin-bottom: 0px !important;margin-left: 0px !important;padding-top: 0px !important;padding-right: 0px !important;padding-bottom: 0px !important;padding-left: 0px !important;background-color: #af7d1f !important;}\u201d][vc_column][vc_column_text el_class=\u201cadressblockText\u201d]<div id=\"static-content-123\" class=\"static-content from-shortcode\"><p>MICHAELERPLATZ 6, 1010 VIENNA, AUSTRIA, TEL. +43\u200a\u2013\u200a1\u2013533 80 32, eMAIL&nbsp;<a href=\"mailto:OFFICE@LODEN-PLANKL.AT\">OFFICE@LODEN-PLANKL.AT<\/a><br>\nMonday\u2013Friday, 10.00am\u20136.00pm, Satur\u00adday 10.00am\u20135.00pm<br>\n<!--Due to Corona-pandemic our shop is closed. You are welcomed to contact us by <a href=\"mailto:OFFICE@LODEN-PLANKL.AT\">e-mail<\/a>. Thank you for your understanding!--><\/p>\n<\/div>[\/vc_column_text][\/vc_column][\/vc_row][vc_row][vc_column][vc_empty_space height=\u201c45px\u201d][\/vc_column][\/vc_row][vc_row][vc_column width=\u201c1\/4\u201d][\/vc_column][vc_column width=\u201c1\/2\u201d el_class=\u201cfliess\u201d][vc_column_text]\n<h1 style=\"text-align: center;\">VIRTUELLER RUNDGANG<\/h1>\n<p><\/p>\n<p style=\"text-align: center;\">DAS HEUTIGE ANGEBOT DES GESCH\u00c4FTES WIRD AUF CA. 400 M\u00b2 VERKAUFSFL\u00c4CHE PR\u00c4SENTIERT.<\/p>\n<p>[\/vc_column_text][vc_column_text]<\/p>\n<h1 style=\"text-align: center;\">REICHLICH AUSWAHL<\/h1>\n<p style=\"text-align: center;\">DIE VIELF\u00c4LTIGE AUSWAHL AN UNTERSCHIEDLICHEN MODELLEN UND VERSCHIEDENEN MATERIALIEN, DIE SICH SELBSTVERST\u00c4NDLICH NUR DURCH BESTE QUALIT\u00c4T AUSZEICHNET, IST SOMIT F\u00dcR DAMEN, HERREN UND KINDER GARANTIERT.<\/p>\n<p>[\/vc_column_text][\/vc_column][vc_column width=\u201c1\/4\u201d][\/vc_column][\/vc_row][vc_row][vc_column width=\u201c1\/3\u201d][\/vc_column][vc_column width=\u201c1\/3\u201d el_class=\u201cfliess\u201d][vc_gallery type=\u201cflexslider_slide\u201d interval=\u201c0\u201d images=\u201c566,571,565,567\u201d img_size=\u201cfull\u201d onclick=\u201c\u201d][vc_column_text]<\/p>\n<h1 style=\"text-align: center;\">PRODUKTVIELFALT<\/h1>\n<p style=\"text-align: center;\">SELBST IN DEN SOMMERMONATEN IST BEI UNS EINE GROSSE AUSWAHL AN LODEN UND WALKWAREN VORR\u00c4TIG.<\/p>\n<p>[\/vc_column_text][vc_separator color=\u201cwhite\u201d el_width=\u201c50\u201d][\/vc_column][vc_column width=\u201c1\/3\u201d][\/vc_column][\/vc_row][vc_row][vc_column width=\u201c1\/3\u201d][vc_single_image image=\u201c591\u201d img_size=\u201cfull\u201d][\/vc_column][vc_column width=\u201c1\/3\u201d el_class=\u201cfliess\u201d][vc_gallery type=\u201cflexslider_slide\u201d interval=\u201c0\u201d images=\u201c586,584,585,576,571,567\u201d img_size=\u201cfull\u201d onclick=\u201c\u201d][vc_separator color=\u201cwhite\u201d el_width=\u201c80\u201d][\/vc_column][vc_column width=\u201c1\/3\u201d][vc_single_image image=\u201c566\u201d img_size=\u201cfull\u201d][\/vc_column][\/vc_row][vc_row css=\u201d.vc_custom_1513335267042{margin-right: 0px !important;margin-left: 0px !important;border-right-width: 0px !important;border-left-width: 0px !important;padding-right: 0px !important;padding-left: 0px !important;}\u201d][vc_column][vc_column_text el_class=\u201cfooter\u201d]<\/p><div id=\"static-content-102\" class=\"static-content from-shortcode\"><p><\/p>\n<p style=\"text-align: center;\"><b>\u00a9 2022 Loden Plankl<br>\nMichae\u00adler\u00adplatz 6, 1010 Vien\u00adna, Austria<br>\nTel.: +43\u20131\u2013533 80&nbsp;32<br>\neMail: <a href=\"mailto:office@loden-plankl.at\">office@loden-plankl.at<\/a><\/b><\/p>\n<p style=\"text-align: center;\">Ope\u00adning&nbsp;times:<br>\nMonday\u2013Saturday<br>\n10.00am\u20136.00pm<br>\n(Janu\u00ada\u00adry, Febru\u00ada\u00adry, July, August:<br>\nSatur\u00adday 10.00am\u20135.00pm)<br>\nSpe\u00adcial&nbsp;hours:<br>\n8 Decem\u00adber: 10:00am\u20136:00pm<br>\n24 Decem\u00adber: closed<br>\n31 Decem\u00adber: 10:00am\u20133:00pm<\/p>\n<p><\/p>\n<\/div>[\/vc_column_text][\/vc_column][\/vc_row][vc_row el_class=\u201cadressblock\u201d css=\u201d.vc_custom_1512127284478{margin-top: 0px !important;margin-right: 0px !important;margin-bottom: 0px !important;margin-left: 0px !important;padding-top: 0px !important;padding-right: 0px !important;padding-bottom: 0px !important;padding-left: 0px !important;background-color: #af7d1f !important;}\u201d][vc_column][vc_column_text el_class=\u201cadressblockText\u201d]<div id=\"static-content-132\" class=\"static-content from-shortcode\"><p><!--Due to Corona-pandemic our shop is closed. You are welcomed to contact us by <a href=\"mailto:office@loden-plankl.at\">e-mail<\/a>.--> Thank you for your understanding!<\/p>\n<\/div>[\/vc_column_text][\/vc_column][\/vc_row][vc_row css=\u201d.vc_custom_1512131664748{margin-right: 0px !important;margin-left: 0px !important;border-right-width: 0px !important;border-left-width: 0px !important;padding-right: 0px !important;padding-left: 0px !important;}\u201d][vc_column width=\u201c1\/3\u201d][\/vc_column][vc_column width=\u201c1\/3\u201d][vc_wp_custommenu nav_menu=\u201c6\u201d][vc_column_text el_class=\u201cfooter\u201d]<div id=\"static-content-136\" class=\"static-content from-shortcode\"><p><\/p>\n<p style=\"text-align: center;\">All con\u00adtent of this web site, and in par\u00adti\u00adcu\u00adlar texts, pho\u00adto\u00adgraphs and dia\u00adgrams, is pro\u00adtec\u00adted by copy\u00adright. Unless expli\u00adci\u00adtly indi\u00adca\u00adted other\u00adwi\u00adse, copy\u00adright is held by Loden Plankl. Plea\u00adse con\u00adta\u00adct us if you would like to use the con\u00adtent of the\u00adse web&nbsp;pages.<br>\n<a href=\"https:\/\/www.loden-plankl.at\/impressum\/\">Impres\u00adsum<\/a><\/p>\n<p><\/p>\n<\/div>[\/vc_column_text][\/vc_column][vc_column width=\u201c1\/3\u201d][\/vc_column][\/vc_row][vc_row el_id=\u201cMainMenuID\u201d el_class=\u201cMainMenu\u201d css=\u201d.vc_custom_1512132061135{margin-right: 0px !important;margin-left: 0px !important;border-right-width: 0px !important;border-left-width: 0px !important;padding-right: 0px !important;padding-left: 0px !important;background-image: url(http:\/\/loden-plankl.at\/wordpress\/wp-content\/uploads\/BG250x250.jpg?id=66) !important;background-position: 0 0 !important;background-repeat: repeat !important;}\u201d][vc_column][vc_column_text]<div id=\"static-content-41\" class=\"static-content from-shortcode\"><p>[vc_row el_id=\u201cMainMenuID\u201d el_class=\u201cMainMenu\u201d css=\u201d.vc_custom_1512128093069{margin-top: 0px !important;margin-right: 0px !important;margin-bottom: 0px !important;margin-left: 0px !important;padding-top: 0px !important;padding-right: 0px !important;padding-bottom: 0px !important;padding-left: 0px !important;}\u201d][vc_column][vc_empty_space height=\u201c15px\u201d][vc_raw_html]JTNDcCUzRSUzQ2ElMjBocmVmJTNEJTIyaHR0cCUzQSUyRiUyRnd3dy5sb2Rlbi1wbGFua2wuYXQlMjIlM0UlMEElM0NzcGFuJTIwY2xhc3MlM0QlMjJpbWd6ZW50cmllcnQlMjIlM0UlMEElM0NpbWclMjBzcmMlM0QlMjJodHRwJTNBJTJGJTJGd3d3LmxvZGVuLXBsYW5rbC5hdCUyRndwLWNvbnRlbnQlMkZ1cGxvYWRzJTJGTG9kZW5QbGFua2xfTG9nb0Jhc2VOZWdfNTAwLnN2ZyUyMiUyMHdpZHRoJTNEJTIyMzUwcHglMjIlMjBoZWlnaHQlM0QlMjI1OHB4JTIyJTIwYm9yZGVyJTNEJTIyMCUyMiUyMGFsdCUzRCUyMkxvZGVuUGxhbmtsJTIyJTNFJTBBJTNDJTJGc3BhbiUzRSUzQyUyRmElM0UlMEElM0MlMkZwJTNF[\/vc_raw_html][vc_empty_space height=\u201c10px\u201d][vc_wp_custommenu nav_menu=\u201c8\u201d][\/vc_column][\/vc_row]<\/p>\n<\/div>[\/vc_column_text][\/vc_column][\/vc_row][vc_row el_id=\u201cadressblock\u201d el_class=\u201cadressblock\u201d css=\u201d.vc_custom_1512127284478{margin-top: 0px !important;margin-right: 0px !important;margin-bottom: 0px !important;margin-left: 0px !important;padding-top: 0px !important;padding-right: 0px !important;padding-bottom: 0px !important;padding-left: 0px !important;background-color: #af7d1f !important;}\u201d][vc_column][vc_column_text el_class=\u201cadressblockText\u201d]<div id=\"static-content-123\" class=\"static-content from-shortcode\"><p>MICHAELERPLATZ 6, 1010 VIENNA, AUSTRIA, TEL. +43\u200a\u2013\u200a1\u2013533 80 32, eMAIL&nbsp;<a href=\"mailto:OFFICE@LODEN-PLANKL.AT\">OFFICE@LODEN-PLANKL.AT<\/a><br>\nMonday\u2013Friday, 10.00am\u20136.00pm, Satur\u00adday 10.00am\u20135.00pm<br>\n<!--Due to Corona-pandemic our shop is closed. You are welcomed to contact us by <a href=\"mailto:OFFICE@LODEN-PLANKL.AT\">e-mail<\/a>. Thank you for your understanding!--><\/p>\n<\/div>[\/vc_column_text][\/vc_column][\/vc_row][vc_row][vc_column][vc_empty_space height=\u201c45px\u201d][\/vc_column][\/vc_row][vc_row][vc_column width=\u201c1\/4\u201d][\/vc_column][vc_column width=\u201c1\/2\u201d el_class=\u201cfliess\u201d][vc_column_text]\n<h1 style=\"text-align: center;\">Virtual tour<\/h1>\n<p><\/p>\n<p style=\"text-align: center;\">The company\u2019s cur\u00adrent ran\u00adge is pre\u00adsen\u00adted over a retail area of 400 squa\u00adre metres.<\/p>\n<p>[\/vc_column_text][vc_column_text]<\/p>\n<h1 style=\"text-align: center;\">Wide selection<\/h1>\n<p style=\"text-align: center;\">The diver\u00adse selec\u00adtion of models and materi\u00adals \u2013 all of the finest qua\u00adli\u00adty, need\u00adless to add \u2013 is gua\u00adran\u00adte\u00aded to meet the needs of women, men and children.<\/p>\n<p>[\/vc_column_text][\/vc_column][vc_column width=\u201c1\/4\u201d][\/vc_column][\/vc_row][vc_row][vc_column width=\u201c1\/3\u201d][\/vc_column][vc_column width=\u201c1\/3\u201d el_class=\u201cfliess\u201d][vc_gallery type=\u201cflexslider_slide\u201d interval=\u201c0\u201d images=\u201c566,571,565,567\u201d img_size=\u201cfull\u201d onclick=\u201c\u201d][vc_column_text]<\/p>\n<h1 style=\"text-align: center;\">Product variety<\/h1>\n<p style=\"text-align: center;\">Even in the sum\u00admer, we stock a wide ran\u00adge of loden and walk products.<\/p>\n<p>[\/vc_column_text][vc_separator color=\u201cwhite\u201d el_width=\u201c50\u201d][\/vc_column][vc_column width=\u201c1\/3\u201d][\/vc_column][\/vc_row][vc_row][vc_column width=\u201c1\/3\u201d][vc_single_image image=\u201c591\u201d img_size=\u201cfull\u201d][\/vc_column][vc_column width=\u201c1\/3\u201d el_class=\u201cfliess\u201d][vc_gallery type=\u201cflexslider_slide\u201d interval=\u201c0\u201d images=\u201c586,584,585,576,571,563\u201d img_size=\u201cfull\u201d onclick=\u201c\u201d][vc_separator color=\u201cwhite\u201d el_width=\u201c80\u201d][\/vc_column][vc_column width=\u201c1\/3\u201d][vc_single_image image=\u201c566\u201d img_size=\u201cfull\u201d][\/vc_column][\/vc_row][vc_row css=\u201d.vc_custom_1513335267042{margin-right: 0px !important;margin-left: 0px !important;border-right-width: 0px !important;border-left-width: 0px !important;padding-right: 0px !important;padding-left: 0px !important;}\u201d][vc_column][vc_column_text el_class=\u201cfooter\u201d]<\/p><div id=\"static-content-102\" class=\"static-content from-shortcode\"><p><\/p>\n<p style=\"text-align: center;\"><b>\u00a9 2022 Loden Plankl<br>\nMichae\u00adler\u00adplatz 6, 1010 Vien\u00adna, Austria<br>\nTel.: +43\u20131\u2013533 80&nbsp;32<br>\neMail: <a href=\"mailto:office@loden-plankl.at\">office@loden-plankl.at<\/a><\/b><\/p>\n<p style=\"text-align: center;\">Ope\u00adning&nbsp;times:<br>\nMonday\u2013Saturday<br>\n10.00am\u20136.00pm<br>\n(Janu\u00ada\u00adry, Febru\u00ada\u00adry, July, August:<br>\nSatur\u00adday 10.00am\u20135.00pm)<br>\nSpe\u00adcial&nbsp;hours:<br>\n8 Decem\u00adber: 10:00am\u20136:00pm<br>\n24 Decem\u00adber: closed<br>\n31 Decem\u00adber: 10:00am\u20133:00pm<\/p>\n<p><\/p>\n<\/div>[\/vc_column_text][\/vc_column][\/vc_row][vc_row el_class=\u201cadressblock\u201d css=\u201d.vc_custom_1512127284478{margin-top: 0px !important;margin-right: 0px !important;margin-bottom: 0px !important;margin-left: 0px !important;padding-top: 0px !important;padding-right: 0px !important;padding-bottom: 0px !important;padding-left: 0px !important;background-color: #af7d1f !important;}\u201d][vc_column][vc_column_text el_class=\u201cadressblockText\u201d]<div id=\"static-content-132\" class=\"static-content from-shortcode\"><p><!--Due to Corona-pandemic our shop is closed. You are welcomed to contact us by <a href=\"mailto:office@loden-plankl.at\">e-mail<\/a>.--> Thank you for your understanding!<\/p>\n<\/div>[\/vc_column_text][\/vc_column][\/vc_row][vc_row css=\u201d.vc_custom_1512131664748{margin-right: 0px !important;margin-left: 0px !important;border-right-width: 0px !important;border-left-width: 0px !important;padding-right: 0px !important;padding-left: 0px !important;}\u201d][vc_column width=\u201c1\/3\u201d][\/vc_column][vc_column width=\u201c1\/3\u201d][vc_wp_custommenu nav_menu=\u201c6\u201d][vc_column_text el_class=\u201cfooter\u201d]<div id=\"static-content-136\" class=\"static-content from-shortcode\"><p><\/p>\n<p style=\"text-align: center;\">All con\u00adtent of this web site, and in par\u00adti\u00adcu\u00adlar texts, pho\u00adto\u00adgraphs and dia\u00adgrams, is pro\u00adtec\u00adted by copy\u00adright. Unless expli\u00adci\u00adtly indi\u00adca\u00adted other\u00adwi\u00adse, copy\u00adright is held by Loden Plankl. Plea\u00adse con\u00adta\u00adct us if you would like to use the con\u00adtent of the\u00adse web&nbsp;pages.<br>\n<a href=\"https:\/\/www.loden-plankl.at\/impressum\/\">Impres\u00adsum<\/a><\/p>\n<p><\/p>\n<\/div>[\/vc_column_text][\/vc_column][vc_column width=\u201c1\/3\u201d][\/vc_column][\/vc_row]","protected":false},"excerpt":{"rendered":"<p>[vc_row el_id=\u201cMainMenuID\u201d el_class=\u201cMainMenu\u201d css=\u201d.vc_custom_1512132061135{margin-right: 0px !important;margin-left: 0px !important;border-right-width: 0px !important;border-left-width: 0px !important;padding-right: 0px !important;padding-left: 0px !important;background-image: url(http:\/\/loden-plankl.at\/wordpress\/wp-content\/uploads\/BG250x250.jpg?id=66) !important;background-position: 0 0 !important;background-repeat: repeat !important;}\u201d][vc_column][vc_column_text][\/vc_column_text][\/vc_column][\/vc_row][vc_row el_id=\u201cadressblock\u201d el_class=\u201cadressblock\u201d css=\u201d.vc_custom_1512127284478{margin-top: 0px !important;margin-right: 0px !important;margin-bottom: 0px !important;margin-left: 0px !important;padding-top: 0px !important;padding-right: 0px !important;padding-bottom: 0px !important;padding-left: 0px !important;background-color: #af7d1f !important;}\u201d][vc_column][vc_column_text el_class=\u201cadressblockText\u201d][\/vc_column_text][\/vc_column][\/vc_row][vc_row][vc_column][vc_empty_space height=\u201c45px\u201d][\/vc_column][\/vc_row][vc_row][vc_column width=\u201c1\/4\u201d][\/vc_column][vc_column width=\u201c1\/2\u201d el_class=\u201cfliess\u201d][vc_column_text] Vir\u00adtu\u00adal tour The company\u2019s cur\u00adrent ran\u00adge is pre\u00adsen\u00adted over a retail area of 400 squa\u00adre metres. [\/vc_column_text][vc_column_text] Wide selec\u00adtion The diver\u00adse selec\u00adtion of models and materi\u00adals \u2013 all of the finest qua\u00adli\u00adty, need\u00adless to add \u2013 is gua\u00adran\u00adte\u00aded to meet the needs of women, men and child\u00adren. [\/vc_column_text][\/vc_column][vc_column width=\u201c1\/4\u201d][\/vc_column][\/vc_row][vc_row][vc_column width=\u201c1\/3\u201d][\/vc_column][vc_column width=\u201c1\/3\u201d el_class=\u201cfliess\u201d][vc_gallery type=\u201cflexslider_slide\u201d interval=\u201c0\u201d images=\u201c566,571,565,567\u201d img_size=\u201cfull\u201d onclick=\u201c\u201d][vc_column_text] Pro\u00adduct varie\u00adty Even in the sum\u00admer, we stock a wide ran\u00adge of loden and walk pro\u00adducts. [\/vc_column_text][vc_separator color=\u201cwhite\u201d el_width=\u201c50\u201d][\/vc_column][vc_column width=\u201c1\/3\u201d][\/vc_column][\/vc_row][vc_row][vc_column width=\u201c1\/3\u201d][vc_single_image image=\u201c591\u201d img_size=\u201cfull\u201d][\/vc_column][vc_column width=\u201c1\/3\u201d el_class=\u201cfliess\u201d][vc_gallery type=\u201cflexslider_slide\u201d interval=\u201c0\u201d images=\u201c586,584,585,576,571,563\u201d img_size=\u201cfull\u201d onclick=\u201c\u201d][vc_separator color=\u201cwhite\u201d el_width=\u201c80\u201d][\/vc_column][vc_column width=\u201c1\/3\u201d][vc_single_image image=\u201c566\u201d img_size=\u201cfull\u201d][\/vc_column][\/vc_row][vc_row css=\u201d.vc_custom_1513335267042{margin-right: 0px !important;margin-left: 0px !important;border-right-width: 0px !important;border-left-width: 0px !important;padding-right: 0px !important;padding-left: 0px !important;}\u201d][vc_column][vc_column_text el_class=\u201cfooter\u201d][\/vc_column_text][\/vc_column][\/vc_row][vc_row el_class=\u201cadressblock\u201d css=\u201d.vc_custom_1512127284478{margin-top: 0px !important;margin-right: 0px !important;margin-bottom: 0px !important;margin-left: 0px !important;padding-top: 0px !important;padding-right: 0px !important;padding-bottom: 0px !important;padding-left: 0px !important;background-color: #af7d1f !important;}\u201d][vc_column][vc_column_text el_class=\u201cadressblockText\u201d][\/vc_column_text][\/vc_column][\/vc_row][vc_row css=\u201d.vc_custom_1512131664748{margin-right: 0px !important;margin-left: 0px !important;border-right-width: 0px !important;border-left-width: 0px !important;padding-right: 0px !important;padding-left: 0px !important;}\u201d][vc_column width=\u201c1\/3\u201d][\/vc_column][vc_column width=\u201c1\/3\u201d][vc_wp_custommenu nav_menu=\u201c6\u201d][vc_column_text el_class=\u201cfooter\u201d][\/vc_column_text][\/vc_column][vc_column width=\u201c1\/3\u201d][\/vc_column][\/vc_row]<\/p>\n","protected":false},"author":1,"featured_media":0,"parent":0,"menu_order":10,"comment_status":"closed","ping_status":"closed","template":"","meta":{"wp_typography_post_enhancements_disabled":false,"footnotes":""},"class_list":["post-215","page","type-page","status-publish","hentry"],"_links":{"self":[{"href":"https:\/\/www.loden-plankl.at\/en\/wp-json\/wp\/v2\/pages\/215","targetHints":{"allow":["GET"]}}],"collection":[{"href":"https:\/\/www.loden-plankl.at\/en\/wp-json\/wp\/v2\/pages"}],"about":[{"href":"https:\/\/www.loden-plankl.at\/en\/wp-json\/wp\/v2\/types\/page"}],"author":[{"embeddable":true,"href":"https:\/\/www.loden-plankl.at\/en\/wp-json\/wp\/v2\/users\/1"}],"replies":[{"embeddable":true,"href":"https:\/\/www.loden-plankl.at\/en\/wp-json\/wp\/v2\/comments?post=215"}],"version-history":[{"count":8,"href":"https:\/\/www.loden-plankl.at\/en\/wp-json\/wp\/v2\/pages\/215\/revisions"}],"predecessor-version":[{"id":654,"href":"https:\/\/www.loden-plankl.at\/en\/wp-json\/wp\/v2\/pages\/215\/revisions\/654"}],"wp:attachment":[{"href":"https:\/\/www.loden-plankl.at\/en\/wp-json\/wp\/v2\/media?parent=215"}],"curies":[{"name":"wp","href":"https:\/\/api.w.org\/{rel}","templated":true}]}}