{"id":45,"date":"2017-11-28T10:02:57","date_gmt":"2017-11-28T10:02:57","guid":{"rendered":"http:\/\/loden-plankl.at\/wordpress\/?page_id=45"},"modified":"2024-02-24T09:20:02","modified_gmt":"2024-02-24T09:20:02","slug":"master","status":"publish","type":"page","link":"https:\/\/www.loden-plankl.at\/en\/","title":{"rendered":"Master EN"},"content":{"rendered":"<p>[vc_row el_id=\u201cMainMenuID\u201d el_class=\u201cMainMenu\u201d css=\u201d.vc_custom_1512128093069{margin-top: 0px !important;margin-right: 0px !important;margin-bottom: 0px !important;margin-left: 0px !important;padding-top: 0px !important;padding-right: 0px !important;padding-bottom: 0px !important;padding-left: 0px !important;}\u201d][vc_column][vc_empty_space height=\u201c15px\u201d][vc_raw_html]JTNDcCUzRSUzQ2ElMjBocmVmJTNEJTIyaHR0cCUzQSUyRiUyRnd3dy5sb2Rlbi1wbGFua2wuYXQlMjIlM0UlMEElM0NzcGFuJTIwY2xhc3MlM0QlMjJpbWd6ZW50cmllcnQlMjIlM0UlMEElM0NpbWclMjBzcmMlM0QlMjJodHRwJTNBJTJGJTJGd3d3LmxvZGVuLXBsYW5rbC5hdCUyRndwLWNvbnRlbnQlMkZ1cGxvYWRzJTJGTG9kZW5QbGFua2xfTG9nb0Jhc2VOZWdfNTAwLnN2ZyUyMiUyMHdpZHRoJTNEJTIyMzUwcHglMjIlMjBoZWlnaHQlM0QlMjI1OHB4JTIyJTIwYm9yZGVyJTNEJTIyMCUyMiUyMGFsdCUzRCUyMkxvZGVuUGxhbmtsJTIyJTNFJTBBJTNDJTJGc3BhbiUzRSUzQyUyRmElM0UlMEElM0MlMkZwJTNF[\/vc_raw_html][vc_empty_space height=\u201c10px\u201d][vc_wp_custommenu nav_menu=\u201c8\u201d][\/vc_column][\/vc_row]<\/p>\n[\/vc_column_text][\/vc_column][\/vc_row][vc_row el_id=\u201cadressblock\u201d el_class=\u201cadressblock\u201d css=\u201d.vc_custom_1612966030952{margin-top: 0px !important;margin-right: 0px !important;margin-bottom: 0px !important;margin-left: 0px !important;padding-top: 0px !important;padding-right: 0px !important;padding-bottom: 0px !important;padding-left: 0px !important;background-color: #28bf2a !important;}\u201d][vc_column][vc_column_text el_class=\u201cadressblockText\u201d]<div id=\"static-content-123\" class=\"static-content from-shortcode\"><p>MICHAELERPLATZ 6, 1010 VIENNA, AUSTRIA, TEL. +43\u200a\u2013\u200a1\u2013533 80 32, eMAIL&nbsp;<a href=\"mailto:OFFICE@LODEN-PLANKL.AT\">OFFICE@LODEN-PLANKL.AT<\/a><br>\nMonday\u2013Friday, 10.00am\u20136.00pm, Satur\u00adday 10.00am\u20135.00pm<br>\n<!--Due to Corona-pandemic our shop is closed. You are welcomed to contact us by <a href=\"mailto:OFFICE@LODEN-PLANKL.AT\">e-mail<\/a>. Thank you for your understanding!--><\/p>\n<\/div>[\/vc_column_text][\/vc_column][\/vc_row][vc_row][vc_column][vc_empty_space height=\u201c45px\u201d][\/vc_column][\/vc_row][vc_row][vc_column width=\u201c1\/3\u201d][\/vc_column][vc_column width=\u201c1\/3\u201d el_class=\u201cfliess\u201d][vc_column_text]\n<h1 style=\"text-align: center;\">Seit dem 19. Jahrhundert besteht Wiens \u00e4ltestes Fachgesch\u00e4ft f\u00fcr Loden- und Trachtenbekleidung am Michaelerplatz.<\/h1>\n<p>[\/vc_column_text][vc_gallery type=\u201cflexslider_slide\u201d interval=\u201c0\u201d images=\u201c574,560,575,590\u201d img_size=\u201cfull\u201d onclick=\u201c\u201d][vc_column_text]<\/p>\n<h1 style=\"text-align: center;\">Altes Wien<\/h1>\n<p style=\"text-align: center;\">Mit Loden-Plankl besteht somit gegen\u00ad\u00fcber der Hof\u00adburg ein wei\u00adte\u00adres St\u00fcck \u201eAltes Wien\u201c, das sich von der heu\u00adti\u00adgen schnell\u00adle\u00adbi\u00adgen Zeit gewis\u00adser\u00adma\u00ad\u00dfen abhebt.<\/p>\n<p>[\/vc_column_text][vc_separator color=\u201cwhite\u201d el_width=\u201c80\u201d][vc_column_text]<\/p>\n<h1 style=\"text-align: center;\">Familie<\/h1>\n<p style=\"text-align: center;\">Die Fami\u00adlie arbei\u00adtet dar\u00adan, alte \u00f6ster\u00adrei\u00adchi\u00adsche Tra\u00addi\u00adti\u00adon mit dem neu\u00aden Jahr\u00adtau\u00adsend in Ein\u00adklang zu bringen.<\/p>\n<p>[\/vc_column_text][vc_separator color=\u201cwhite\u201d el_width=\u201c80\u201d][vc_column_text]<\/p>\n<h1 style=\"text-align: center;\">Gute Auswahl<\/h1>\n<p style=\"text-align: center;\">Das heu\u00adti\u00adge Ange\u00adbot des Gesch\u00e4f\u00adtes wird auf ca. 400 m\u00b2 Ver\u00adkaufs\u00adfl\u00e4\u00adche pr\u00e4sentiert.<\/p>\n<p>[\/vc_column_text][vc_separator color=\u201cwhite\u201d el_width=\u201c50\u201d][vc_column_text]<\/p>\n<p style=\"text-align: center;\">Die viel\u00adf\u00e4l\u00adti\u00adge Aus\u00adwahl an unter\u00adschied\u00adli\u00adchen Model\u00adlen und ver\u00adschie\u00adde\u00adnen Mater\u00adialien, die sich selbst\u00adver\u00adst\u00e4nd\u00adlich nur durch bes\u00adte Qua\u00adli\u00adt\u00e4t aus\u00adzeich\u00adnet, ist somit f\u00fcr Damen, Her\u00adren und Kin\u00adder garantiert.<\/p>\n<p>[\/vc_column_text][vc_separator color=\u201cwhite\u201d el_width=\u201c80\u201d][\/vc_column][vc_column width=\u201c1\/3\u201d][\/vc_column][\/vc_row][vc_row][vc_column width=\u201c1\/3\u201d][vc_single_image image=\u201c567\u201d img_size=\u201cfull\u201d][\/vc_column][vc_column width=\u201c1\/3\u201d el_class=\u201cfliess\u201d][vc_gallery type=\u201cflexslider_slide\u201d interval=\u201c3\u201d images=\u201c585,562,569,566,586\u201d img_size=\u201cfull\u201d onclick=\u201c\u201d][vc_column_text]<\/p>\n<h1 style=\"text-align: center;\">Besondere<br>\nServiceleistungen:<\/h1>\n<p style=\"text-align: center;\">Bei Neu\u00adkauf eines Klei\u00addungs\u00adst\u00fc\u00adckes kos\u00adten\u00adlo\u00adse \u00c4nderung.<\/p>\n<p>[\/vc_column_text][vc_separator color=\u201cwhite\u201d el_width=\u201c80\u201d][vc_column_text]<\/p>\n<p style=\"text-align: center;\">Auf Wunsch welt\u00adwei\u00adter Post\u00adver\u00adsand Ihrer&nbsp;Waren.<\/p>\n<p>[\/vc_column_text][vc_separator color=\u201cwhite\u201d el_width=\u201c80\u201d][vc_column_text]<\/p>\n<h1 style=\"text-align: center;\">Stammkunden<\/h1>\n<p style=\"text-align: center;\">Per\u00ads\u00f6n\u00adli\u00adche Bera\u00adtung und Ser\u00advice ste\u00adhen an ers\u00adter Stel\u00adle. Gro\u00ad\u00dfe Anzahl an Stamm\u00adkun\u00adden aus ca. 70 L\u00e4n\u00addern der&nbsp;Welt.<\/p>\n<p>[\/vc_column_text][vc_separator color=\u201cwhite\u201d el_width=\u201c80\u201d][\/vc_column][vc_column width=\u201c1\/3\u201d][vc_single_image image=\u201c568\u201d img_size=\u201cfull\u201d][\/vc_column][\/vc_row][vc_row][vc_column width=\u201c1\/3\u201d][\/vc_column][vc_column width=\u201c1\/3\u201d el_class=\u201cfliess\u201d][vc_single_image image=\u201c557\u201d img_size=\u201cfull\u201d][vc_separator color=\u201cwhite\u201d el_width=\u201c80\u201d][\/vc_column][vc_column width=\u201c1\/3\u201d][\/vc_column][\/vc_row][vc_row css=\u201d.vc_custom_1513335267042{margin-right: 0px !important;margin-left: 0px !important;border-right-width: 0px !important;border-left-width: 0px !important;padding-right: 0px !important;padding-left: 0px !important;}\u201d][vc_column][vc_column_text el_class=\u201cfooter\u201d]<\/p><div id=\"static-content-102\" class=\"static-content from-shortcode\"><p><\/p>\n<p style=\"text-align: center;\"><b>\u00a9 2022 Loden Plankl<br>\nMichae\u00adler\u00adplatz 6, 1010 Vien\u00adna, Austria<br>\nTel.: +43\u20131\u2013533 80&nbsp;32<br>\neMail: <a href=\"mailto:office@loden-plankl.at\">office@loden-plankl.at<\/a><\/b><\/p>\n<p style=\"text-align: center;\">Ope\u00adning&nbsp;times:<br>\nMonday\u2013Saturday<br>\n10.00am\u20136.00pm<br>\n(Janu\u00ada\u00adry, Febru\u00ada\u00adry, July, August:<br>\nSatur\u00adday 10.00am\u20135.00pm)<br>\nSpe\u00adcial&nbsp;hours:<br>\n8 Decem\u00adber: 10:00am\u20136:00pm<br>\n24 Decem\u00adber: closed<br>\n31 Decem\u00adber: 10:00am\u20133:00pm<\/p>\n<p><\/p>\n<\/div>[\/vc_column_text][\/vc_column][\/vc_row][vc_row css=\u201d.vc_custom_1612966348466{margin-right: 0px !important;margin-left: 0px !important;border-right-width: 0px !important;border-left-width: 0px !important;padding-right: 0px !important;padding-left: 0px !important;background-color: #af7d1f !important;}\u201d][vc_column][vc_column_text el_class=\u201cfooter\u201d]<div id=\"static-content-132\" class=\"static-content from-shortcode\"><p><!--Due to Corona-pandemic our shop is closed. You are welcomed to contact us by <a href=\"mailto:office@loden-plankl.at\">e-mail<\/a>.--> Thank you for your understanding!<\/p>\n<\/div>[\/vc_column_text][\/vc_column][\/vc_row][vc_row css=\u201d.vc_custom_1512131664748{margin-right: 0px !important;margin-left: 0px !important;border-right-width: 0px !important;border-left-width: 0px !important;padding-right: 0px !important;padding-left: 0px !important;}\u201d][vc_column width=\u201c1\/3\u201d][\/vc_column][vc_column width=\u201c1\/3\u201d][vc_wp_custommenu nav_menu=\u201c6\u201d][vc_column_text el_class=\u201cfooter\u201d]<div id=\"static-content-136\" class=\"static-content from-shortcode\"><p><\/p>\n<p style=\"text-align: center;\">All con\u00adtent of this web site, and in par\u00adti\u00adcu\u00adlar texts, pho\u00adto\u00adgraphs and dia\u00adgrams, is pro\u00adtec\u00adted by copy\u00adright. Unless expli\u00adci\u00adtly indi\u00adca\u00adted other\u00adwi\u00adse, copy\u00adright is held by Loden Plankl. Plea\u00adse con\u00adta\u00adct us if you would like to use the con\u00adtent of the\u00adse web&nbsp;pages.<br>\n<a href=\"https:\/\/www.loden-plankl.at\/impressum\/\">Impres\u00adsum<\/a><\/p>\n<p><\/p>\n<\/div>[\/vc_column_text][\/vc_column][vc_column width=\u201c1\/3\u201d][\/vc_column][\/vc_row][vc_row el_id=\u201cMainMenuID\u201d el_class=\u201cMainMenu\u201d css=\u201d.vc_custom_1512132061135{margin-right: 0px !important;margin-left: 0px !important;border-right-width: 0px !important;border-left-width: 0px !important;padding-right: 0px !important;padding-left: 0px !important;background-image: url(http:\/\/loden-plankl.at\/wordpress\/wp-content\/uploads\/BG250x250.jpg?id=66) !important;background-position: 0 0 !important;background-repeat: repeat !important;}\u201d][vc_column][vc_column_text]<div id=\"static-content-41\" class=\"static-content from-shortcode\"><p>[vc_row el_id=\u201cMainMenuID\u201d el_class=\u201cMainMenu\u201d css=\u201d.vc_custom_1512128093069{margin-top: 0px !important;margin-right: 0px !important;margin-bottom: 0px !important;margin-left: 0px !important;padding-top: 0px !important;padding-right: 0px !important;padding-bottom: 0px !important;padding-left: 0px !important;}\u201d][vc_column][vc_empty_space height=\u201c15px\u201d][vc_raw_html]JTNDcCUzRSUzQ2ElMjBocmVmJTNEJTIyaHR0cCUzQSUyRiUyRnd3dy5sb2Rlbi1wbGFua2wuYXQlMjIlM0UlMEElM0NzcGFuJTIwY2xhc3MlM0QlMjJpbWd6ZW50cmllcnQlMjIlM0UlMEElM0NpbWclMjBzcmMlM0QlMjJodHRwJTNBJTJGJTJGd3d3LmxvZGVuLXBsYW5rbC5hdCUyRndwLWNvbnRlbnQlMkZ1cGxvYWRzJTJGTG9kZW5QbGFua2xfTG9nb0Jhc2VOZWdfNTAwLnN2ZyUyMiUyMHdpZHRoJTNEJTIyMzUwcHglMjIlMjBoZWlnaHQlM0QlMjI1OHB4JTIyJTIwYm9yZGVyJTNEJTIyMCUyMiUyMGFsdCUzRCUyMkxvZGVuUGxhbmtsJTIyJTNFJTBBJTNDJTJGc3BhbiUzRSUzQyUyRmElM0UlMEElM0MlMkZwJTNF[\/vc_raw_html][vc_empty_space height=\u201c10px\u201d][vc_wp_custommenu nav_menu=\u201c8\u201d][\/vc_column][\/vc_row]<\/p>\n<\/div>[\/vc_column_text][\/vc_column][\/vc_row][vc_row el_id=\u201cadressblock\u201d el_class=\u201cadressblock\u201d css=\u201d.vc_custom_1612966177571{margin-top: 0px !important;margin-right: 0px !important;margin-bottom: 0px !important;margin-left: 0px !important;padding-top: 0px !important;padding-right: 0px !important;padding-bottom: 0px !important;padding-left: 0px !important;background-color: #28bf2a !important;}\u201d][vc_column][vc_column_text el_class=\u201cadressblockText\u201d]<div id=\"static-content-123\" class=\"static-content from-shortcode\"><p>MICHAELERPLATZ 6, 1010 VIENNA, AUSTRIA, TEL. +43\u200a\u2013\u200a1\u2013533 80 32, eMAIL&nbsp;<a href=\"mailto:OFFICE@LODEN-PLANKL.AT\">OFFICE@LODEN-PLANKL.AT<\/a><br>\nMonday\u2013Friday, 10.00am\u20136.00pm, Satur\u00adday 10.00am\u20135.00pm<br>\n<!--Due to Corona-pandemic our shop is closed. You are welcomed to contact us by <a href=\"mailto:OFFICE@LODEN-PLANKL.AT\">e-mail<\/a>. Thank you for your understanding!--><\/p>\n<\/div>[\/vc_column_text][\/vc_column][\/vc_row][vc_row][vc_column][vc_empty_space height=\u201c45px\u201d][\/vc_column][\/vc_row][vc_row][vc_column width=\u201c1\/3\u201d][\/vc_column][vc_column width=\u201c1\/3\u201d el_class=\u201cfliess\u201d][vc_column_text el_class=\u201cfliess\u201d]\n<h1 style=\"text-align: center;\">Vienna\u2019s oldest store specialising in loden and traditional clothing has stood on Michaelerplatz since the 19<sup>th<\/sup> century.<\/h1>\n<p>[\/vc_column_text][vc_gallery type=\u201cflexslider_slide\u201d interval=\u201c0\u201d images=\u201c574,560,575,590\u201d img_size=\u201cfull\u201d onclick=\u201c\u201d][vc_column_text]<\/p>\n<h1 style=\"text-align: center;\">Old Vienna<\/h1>\n<p style=\"text-align: center;\">Situa\u00adted oppo\u00adsi\u00adte the Hof\u00adburg, Loden-Plankl offers a sli\u00adce of Old Vien\u00adna that stands apart from the fast-moving modern world.<\/p>\n<p>[\/vc_column_text][vc_separator el_width=\u201c80\u201d][vc_column_text]<\/p>\n<h1 style=\"text-align: center;\">Family<\/h1>\n<p style=\"text-align: center;\">The fami\u00adly works to recon\u00adci\u00adle venerable Aus\u00adtri\u00adan tra\u00addi\u00adti\u00adons with the new millennium.<\/p>\n<p>[\/vc_column_text][vc_separator el_width=\u201c80\u201d][vc_column_text]<\/p>\n<h1 style=\"text-align: center;\">Wide selection<\/h1>\n<p style=\"text-align: center;\">The company\u2019s cur\u00adrent ran\u00adge is pre\u00adsen\u00adted over a retail area of 400 squa\u00adre metres.<\/p>\n<p>[\/vc_column_text][vc_separator el_width=\u201c50\u201d][vc_column_text]<\/p>\n<p style=\"text-align: center;\">The diver\u00adse selec\u00adtion of models and materi\u00adals \u2013 all of the finest qua\u00adli\u00adty, need\u00adless to add \u2013 is gua\u00adran\u00adte\u00aded to meet the needs of women, men and children.<\/p>\n<p>[\/vc_column_text][vc_separator el_width=\u201c80\u201d][\/vc_column][vc_column width=\u201c1\/3\u201d][\/vc_column][\/vc_row][vc_row][vc_column width=\u201c1\/3\u201d][vc_single_image image=\u201c567\u201d img_size=\u201cfull\u201d][\/vc_column][vc_column width=\u201c1\/3\u201d el_class=\u201cfliess\u201d][vc_gallery type=\u201cflexslider_slide\u201d interval=\u201c3\u201d images=\u201c585,562,569,566,586\u201d img_size=\u201cfull\u201d onclick=\u201c\u201d][vc_column_text]<\/p>\n<h1 style=\"text-align: center;\">Special services<\/h1>\n<p style=\"text-align: center;\">Free alte\u00adra\u00adti\u00adons when buy\u00ading a new item of clothing.<\/p>\n<p>[\/vc_column_text][vc_separator el_width=\u201c50\u201d][vc_column_text]<\/p>\n<p style=\"text-align: center;\">We can also send your purcha\u00adses any\u00adwhe\u00adre in the world by&nbsp;post.<\/p>\n<p>[\/vc_column_text][vc_separator el_width=\u201c80\u201d][vc_column_text]<\/p>\n<h1 style=\"text-align: center;\">Regular customers<\/h1>\n<p style=\"text-align: center;\">Per\u00adso\u00adnal advice and ser\u00advice are our top prio\u00adri\u00adties. We have a lar\u00adge num\u00adber of regu\u00adlar cli\u00adents from around 70 countries.<\/p>\n<p>[\/vc_column_text][vc_separator el_width=\u201c80\u201d][\/vc_column][vc_column width=\u201c1\/3\u201d][vc_single_image image=\u201c568\u201d img_size=\u201cfull\u201d][\/vc_column][\/vc_row][vc_row][vc_column width=\u201c1\/3\u201d][\/vc_column][vc_column width=\u201c1\/3\u201d el_class=\u201cfliess\u201d][vc_single_image image=\u201c557\u201d img_size=\u201cfull\u201d][vc_separator el_width=\u201c80\u201d][\/vc_column][vc_column width=\u201c1\/3\u201d][\/vc_column][\/vc_row][vc_row css=\u201d.vc_custom_1513335289432{margin-right: 0px !important;margin-left: 0px !important;border-right-width: 0px !important;border-left-width: 0px !important;padding-right: 0px !important;padding-left: 0px !important;}\u201d][vc_column][vc_column_text el_class=\u201cfooter\u201d]<\/p><div id=\"static-content-102\" class=\"static-content from-shortcode\"><p><\/p>\n<p style=\"text-align: center;\"><b>\u00a9 2022 Loden Plankl<br>\nMichae\u00adler\u00adplatz 6, 1010 Vien\u00adna, Austria<br>\nTel.: +43\u20131\u2013533 80&nbsp;32<br>\neMail: <a href=\"mailto:office@loden-plankl.at\">office@loden-plankl.at<\/a><\/b><\/p>\n<p style=\"text-align: center;\">Ope\u00adning&nbsp;times:<br>\nMonday\u2013Saturday<br>\n10.00am\u20136.00pm<br>\n(Janu\u00ada\u00adry, Febru\u00ada\u00adry, July, August:<br>\nSatur\u00adday 10.00am\u20135.00pm)<br>\nSpe\u00adcial&nbsp;hours:<br>\n8 Decem\u00adber: 10:00am\u20136:00pm<br>\n24 Decem\u00adber: closed<br>\n31 Decem\u00adber: 10:00am\u20133:00pm<\/p>\n<p><\/p>\n<\/div>[\/vc_column_text][\/vc_column][\/vc_row][vc_row el_class=\u201cadressblock\u201d css=\u201d.vc_custom_1612966368287{margin-top: 0px !important;margin-right: 0px !important;margin-bottom: 0px !important;margin-left: 0px !important;padding-top: 0px !important;padding-right: 0px !important;padding-bottom: 0px !important;padding-left: 0px !important;background-color: #af7d1f !important;}\u201d][vc_column][vc_column_text el_class=\u201cadressblockText\u201d]<div id=\"static-content-132\" class=\"static-content from-shortcode\"><p><!--Due to Corona-pandemic our shop is closed. You are welcomed to contact us by <a href=\"mailto:office@loden-plankl.at\">e-mail<\/a>.--> Thank you for your understanding!<\/p>\n<\/div>[\/vc_column_text][\/vc_column][\/vc_row][vc_row css=\u201d.vc_custom_1512131664748{margin-right: 0px !important;margin-left: 0px !important;border-right-width: 0px !important;border-left-width: 0px !important;padding-right: 0px !important;padding-left: 0px !important;}\u201d][vc_column width=\u201c1\/3\u201d][\/vc_column][vc_column width=\u201c1\/3\u201d][vc_wp_custommenu nav_menu=\u201c6\u201d][vc_column_text el_class=\u201cfooter\u201d]<div id=\"static-content-136\" class=\"static-content from-shortcode\"><p><\/p>\n<p style=\"text-align: center;\">All con\u00adtent of this web site, and in par\u00adti\u00adcu\u00adlar texts, pho\u00adto\u00adgraphs and dia\u00adgrams, is pro\u00adtec\u00adted by copy\u00adright. Unless expli\u00adci\u00adtly indi\u00adca\u00adted other\u00adwi\u00adse, copy\u00adright is held by Loden Plankl. Plea\u00adse con\u00adta\u00adct us if you would like to use the con\u00adtent of the\u00adse web&nbsp;pages.<br>\n<a href=\"https:\/\/www.loden-plankl.at\/impressum\/\">Impres\u00adsum<\/a><\/p>\n<p><\/p>\n<\/div>[\/vc_column_text][\/vc_column][vc_column width=\u201c1\/3\u201d][\/vc_column][\/vc_row]","protected":false},"excerpt":{"rendered":"<p>[vc_row el_id=\u201cMainMenuID\u201d el_class=\u201cMainMenu\u201d css=\u201d.vc_custom_1512132061135{margin-right: 0px !important;margin-left: 0px !important;border-right-width: 0px !important;border-left-width: 0px !important;padding-right: 0px !important;padding-left: 0px !important;background-image: url(http:\/\/loden-plankl.at\/wordpress\/wp-content\/uploads\/BG250x250.jpg?id=66) !important;background-position: 0 0 !important;background-repeat: repeat !important;}\u201d][vc_column][vc_column_text][\/vc_column_text][\/vc_column][\/vc_row][vc_row el_id=\u201cadressblock\u201d el_class=\u201cadressblock\u201d css=\u201d.vc_custom_1612966177571{margin-top: 0px !important;margin-right: 0px !important;margin-bottom: 0px !important;margin-left: 0px !important;padding-top: 0px !important;padding-right: 0px !important;padding-bottom: 0px !important;padding-left: 0px !important;background-color: #28bf2a !important;}\u201d][vc_column][vc_column_text el_class=\u201cadressblockText\u201d][\/vc_column_text][\/vc_column][\/vc_row][vc_row][vc_column][vc_empty_space height=\u201c45px\u201d][\/vc_column][\/vc_row][vc_row][vc_column width=\u201c1\/3\u201d][\/vc_column][vc_column width=\u201c1\/3\u201d el_class=\u201cfliess\u201d][vc_column_text el_class=\u201cfliess\u201d] Vienna\u2019s oldest store spe\u00adcia\u00adli\u00adsing in loden and tra\u00addi\u00adtio\u00adnal clot\u00adhing has stood on Michae\u00adler\u00adplatz sin\u00adce the 19th cen\u00adtu\u00adry. [\/vc_column_text][vc_gallery type=\u201cflexslider_slide\u201d interval=\u201c0\u201d images=\u201c574,560,575,590\u201d img_size=\u201cfull\u201d onclick=\u201c\u201d][vc_column_text] Old Vien\u00adna Situa\u00adted oppo\u00adsi\u00adte the Hof\u00adburg, Loden-Plankl offers a sli\u00adce of Old Vien\u00adna that stands apart from the fast-moving modern world. [\/vc_column_text][vc_separator el_width=\u201c80\u201d][vc_column_text] Fami\u00adly The fami\u00adly works to recon\u00adci\u00adle venerable Aus\u00adtri\u00adan tra\u00addi\u00adti\u00adons with the new mill\u00aden\u00adni\u00adum. [\/vc_column_text][vc_separator el_width=\u201c80\u201d][vc_column_text] Wide selec\u00adtion The company\u2019s cur\u00adrent ran\u00adge is pre\u00adsen\u00adted over a retail area of 400 squa\u00adre metres. [\/vc_column_text][vc_separator el_width=\u201c50\u201d][vc_column_text] The diver\u00adse selec\u00adtion of models and materi\u00adals \u2013 all of the finest qua\u00adli\u00adty, need\u00adless to add \u2013 is gua\u00adran\u00adte\u00aded to meet the needs of women, men and child\u00adren. [\/vc_column_text][vc_separator el_width=\u201c80\u201d][\/vc_column][vc_column width=\u201c1\/3\u201d][\/vc_column][\/vc_row][vc_row][vc_column width=\u201c1\/3\u201d][vc_single_image image=\u201c567\u201d img_size=\u201cfull\u201d][\/vc_column][vc_column width=\u201c1\/3\u201d el_class=\u201cfliess\u201d][vc_gallery type=\u201cflexslider_slide\u201d interval=\u201c3\u201d images=\u201c585,562,569,566,586\u201d img_size=\u201cfull\u201d onclick=\u201c\u201d][vc_column_text] Spe\u00adcial ser\u00advices Free alte\u00adra\u00adti\u00adons when buy\u00ading a new item of clot\u00adhing. [\/vc_column_text][vc_separator el_width=\u201c50\u201d][vc_column_text] We can also send your purcha\u00adses any\u00adwhe\u00adre in the world by&nbsp;post. [\/vc_column_text][vc_separator el_width=\u201c80\u201d][vc_column_text] Regu\u00adlar cus\u00adto\u00admers Per\u00adso\u00adnal advice and ser\u00advice are our top prio\u00adri\u00adties. We have a lar\u00adge num\u00adber of regu\u00adlar cli\u00adents from around 70 coun\u00adtries. [\/vc_column_text][vc_separator el_width=\u201c80\u201d][\/vc_column][vc_column width=\u201c1\/3\u201d][vc_single_image image=\u201c568\u201d img_size=\u201cfull\u201d][\/vc_column][\/vc_row][vc_row][vc_column width=\u201c1\/3\u201d][\/vc_column][vc_column width=\u201c1\/3\u201d el_class=\u201cfliess\u201d][vc_single_image image=\u201c557\u201d img_size=\u201cfull\u201d][vc_separator el_width=\u201c80\u201d][\/vc_column][vc_column width=\u201c1\/3\u201d][\/vc_column][\/vc_row][vc_row css=\u201d.vc_custom_1513335289432{margin-right: 0px !important;margin-left: 0px !important;border-right-width: 0px !important;border-left-width: 0px !important;padding-right: 0px !important;padding-left: 0px !important;}\u201d][vc_column][vc_column_text el_class=\u201cfooter\u201d][\/vc_column_text][\/vc_column][\/vc_row][vc_row el_class=\u201cadressblock\u201d css=\u201d.vc_custom_1612966368287{margin-top: 0px !important;margin-right: 0px !important;margin-bottom: [\u2026]<\/p>\n","protected":false},"author":1,"featured_media":0,"parent":0,"menu_order":0,"comment_status":"closed","ping_status":"closed","template":"","meta":{"wp_typography_post_enhancements_disabled":false,"footnotes":""},"class_list":["post-45","page","type-page","status-publish","hentry"],"_links":{"self":[{"href":"https:\/\/www.loden-plankl.at\/en\/wp-json\/wp\/v2\/pages\/45","targetHints":{"allow":["GET"]}}],"collection":[{"href":"https:\/\/www.loden-plankl.at\/en\/wp-json\/wp\/v2\/pages"}],"about":[{"href":"https:\/\/www.loden-plankl.at\/en\/wp-json\/wp\/v2\/types\/page"}],"author":[{"embeddable":true,"href":"https:\/\/www.loden-plankl.at\/en\/wp-json\/wp\/v2\/users\/1"}],"replies":[{"embeddable":true,"href":"https:\/\/www.loden-plankl.at\/en\/wp-json\/wp\/v2\/comments?post=45"}],"version-history":[{"count":9,"href":"https:\/\/www.loden-plankl.at\/en\/wp-json\/wp\/v2\/pages\/45\/revisions"}],"predecessor-version":[{"id":653,"href":"https:\/\/www.loden-plankl.at\/en\/wp-json\/wp\/v2\/pages\/45\/revisions\/653"}],"wp:attachment":[{"href":"https:\/\/www.loden-plankl.at\/en\/wp-json\/wp\/v2\/media?parent=45"}],"curies":[{"name":"wp","href":"https:\/\/api.w.org\/{rel}","templated":true}]}}